{"id":787,"date":"2024-03-03T11:45:28","date_gmt":"2024-03-03T10:45:28","guid":{"rendered":"https:\/\/global-metodi.com\/?post_type=product&#038;p=787"},"modified":"2025-04-29T21:17:46","modified_gmt":"2025-04-29T19:17:46","slug":"ebook","status":"publish","type":"product","link":"https:\/\/global-metodi.com\/en\/product\/ebook\/","title":{"rendered":"Techniques and exercises for working with stress. E-book"},"content":{"rendered":"<ul>\n<li>Stress always comes when you care about something - a new approach to stress management<\/li>\n<\/ul>\n<p>&nbsp;<\/p>\n<ul>\n<li>Who is this ebook for?<\/li>\n<\/ul>\n<p>&nbsp;<\/p>\n<ul>\n<li>For all those who are unable to act and give up on their dreams due to paralyzing stress<\/li>\n<li>For all those who lose common sense under stress<\/li>\n<li>For those who have experienced the effects of long-term stress such as frequent headaches, stomach aches, stiff backs, etc.<\/li>\n<li>For everyone whose life is ruined by stress<\/li>\n<\/ul>\n<p>&nbsp;<\/p>\n<p>What you will find inside: E-book titled &quot;Stress always comes when you care about something - a new approach to stress management&quot; is 48 pages of practical knowledge about stress, as well as exercises, tests and tasks. This is an innovative method that will help you understand what stress is, how it works, why it happens and when, but most importantly, how to tame it. Thanks to the tests, you will find out how high your stress level is. The questions asked force you to deeply reflect and observe yourself, which will help you understand the mechanism of stress. I will show you how to turn destructive stress into the best and motivating motivator. Thanks to this, you will start acting more boldly and consciously.<\/p>","protected":false},"excerpt":{"rendered":"<p>Stres przychodzi zawsze wtedy, gdy na czym\u015b Ci zale\u017cy &#8211; nowe podej\u015bcie do zarz\u0105dzania stresem &nbsp; Dla kogo ten ebook? &nbsp; Dla wszystkich kt\u00f3rzy nie s\u0105 w stanie dzia\u0142a\u0107 i rezygnuj\u0105 ze swoich marze\u0144 przez parali\u017cuj\u0105cy stres Dla wszystkich kt\u00f3rzy trac\u0105 zdrowy rozs\u0105dek w stresie Dla tych kt\u00f3rzy do\u015bwiadczyli efekt\u00f3w d\u0142ugotrwa\u0142ego stresu jak: cz\u0119ste b\u00f3le [&hellip;]<\/p>\n","protected":false},"featured_media":975,"comment_status":"open","ping_status":"closed","template":"","meta":{"_acf_changed":false,"inline_featured_image":false},"product_brand":[],"product_cat":[89],"product_tag":[],"class_list":{"0":"post-787","1":"product","2":"type-product","3":"status-publish","4":"has-post-thumbnail","6":"product_cat-ebook","8":"first","9":"instock","10":"shipping-taxable","11":"purchasable","12":"product-type-simple"},"acf":[],"_links":{"self":[{"href":"https:\/\/global-metodi.com\/en\/wp-json\/wp\/v2\/product\/787","targetHints":{"allow":["GET"]}}],"collection":[{"href":"https:\/\/global-metodi.com\/en\/wp-json\/wp\/v2\/product"}],"about":[{"href":"https:\/\/global-metodi.com\/en\/wp-json\/wp\/v2\/types\/product"}],"replies":[{"embeddable":true,"href":"https:\/\/global-metodi.com\/en\/wp-json\/wp\/v2\/comments?post=787"}],"wp:featuredmedia":[{"embeddable":true,"href":"https:\/\/global-metodi.com\/en\/wp-json\/wp\/v2\/media\/975"}],"wp:attachment":[{"href":"https:\/\/global-metodi.com\/en\/wp-json\/wp\/v2\/media?parent=787"}],"wp:term":[{"taxonomy":"product_brand","embeddable":true,"href":"https:\/\/global-metodi.com\/en\/wp-json\/wp\/v2\/product_brand?post=787"},{"taxonomy":"product_cat","embeddable":true,"href":"https:\/\/global-metodi.com\/en\/wp-json\/wp\/v2\/product_cat?post=787"},{"taxonomy":"product_tag","embeddable":true,"href":"https:\/\/global-metodi.com\/en\/wp-json\/wp\/v2\/product_tag?post=787"}],"curies":[{"name":"wp","href":"https:\/\/api.w.org\/{rel}","templated":true}]}}